{"id":5734,"date":"2023-12-17T15:27:30","date_gmt":"2023-12-17T21:27:30","guid":{"rendered":"https:\/\/dev.sierpemangrovetour.com\/?post_type=product&#038;p=5734"},"modified":"2025-06-01T09:24:24","modified_gmt":"2025-06-01T15:24:24","slug":"night-tour-at-sierpe-mangrove-to-observe-crocodiles","status":"publish","type":"product","link":"https:\/\/dev.sierpemangrovetour.com\/es\/producto\/night-tour-at-sierpe-mangrove-to-observe-crocodiles\/","title":{"rendered":"Excursi\u00f3n Nocturna por el R\u00edo Sierpe"},"content":{"rendered":"<p>Viv\u00ed una aventura diferente mientras la selva se transforma con la llegada de la noche. Nuestro tour nocturno te sumerge en un ambiente m\u00edstico lleno de sonidos, sombras y vida silvestre activa: b\u00fahos, caimanes, ranas, serpientes y aves durmiendo entre las ramas. Bajo la luz del atardecer y la luna, el r\u00edo Sierpe revela su lado m\u00e1s misterioso e inolvidable. Una experiencia \u00edntima, ideal para los esp\u00edritus curiosos y los amantes de la fotograf\u00eda nocturna.<\/p>\n<h2>Explora la jungla al atardecer: una experiencia m\u00e1gica y diferente<\/h2>\n<ul>\n<li>Hora de salida: 5:00 p.m.<\/li>\n<li>Duraci\u00f3n: 2.5 a 3 horas<\/li>\n<li>Gu\u00eda biling\u00fce: Espa\u00f1ol \/ Ingl\u00e9s<\/li>\n<li>Observaci\u00f3n de vida nocturna: b\u00fahos, caimanes, serpientes, ranas y aves en reposo<\/li>\n<li>Atardecer sobre el r\u00edo \u2014 paisajes inolvidables<\/li>\n<li>Frutas frescas, agua y linternas incluidas<\/li>\n<li>Embarcaciones seguras con iluminaci\u00f3n ambiental<\/li>\n<li>Salida desde el muelle Kokopelli en Sierpe<\/li>\n<\/ul>\n<p><strong>Ideal para viajeros aventureros, amantes de la fotograf\u00eda y observadores de fauna silvestre<\/strong><\/p>\n<h2>\u00bfQu\u00e9 hace \u00fanico nuestro tour nocturno?<\/h2>\n<ul>\n<li><strong>Ambiente m\u00edstico y tranquilo:<\/strong> sonidos de la selva, sin ruido humano.<\/li>\n<li><strong>Fauna distinta a la del d\u00eda:<\/strong> especies nocturnas que no se ven en los tours normales.<\/li>\n<li><strong>Luz dorada del atardecer:<\/strong> perfecta para fotos \u00fanicas.<\/li>\n<li><strong>Experiencia exclusiva:<\/strong> menos turistas, m\u00e1s conexi\u00f3n con la naturaleza.<\/li>\n<\/ul>\n<h2 style=\"padding-top: 10px;\">Recomendaciones:<\/h2>\n<ul>\n<li>Pantal\u00f3n largo.<\/li>\n<li>Sandalias o zapatos.<\/li>\n<li>Camisa manga corta o manga larga.<\/li>\n<li>Repelente.<\/li>\n<li>Linterna personal.<\/li>\n<\/ul>\n<p>Si tienes alguna duda o consulta adicional, por favor cont\u00e1ctanos por correo electr\u00f3nico a\u00a0 <a href=\"mailto:kokopelli.sierpe@gmail.com\">kokopelli.sierpe@gmail.com<\/a> o al whatsapp <a href=\"https:\/\/wa.me\/50688971678\" target=\"_blank\" rel=\"noopener\">8897-1678<\/a>, nos pondremos en contacto contigo para informarte sobre nuestra disponibilidad.<\/p>","protected":false},"excerpt":{"rendered":"<p>Viv\u00ed una aventura diferente mientras la selva se transforma con la llegada de la noche. Nuestro tour nocturno te sumerge en un ambiente m\u00edstico lleno de sonidos, sombras y vida silvestre activa: b\u00fahos, caimanes, ranas, serpientes y aves durmiendo entre las ramas. Bajo la luz del atardecer y la luna, el r\u00edo Sierpe revela su lado m\u00e1s misterioso e inolvidable. Una experiencia \u00edntima, ideal para los esp\u00edritus curiosos y los amantes de la fotograf\u00eda nocturna.<\/p>\n<h2>Explora la jungla al atardecer: una experiencia m\u00e1gica y diferente<\/h2>\n<ul>\n<li>Hora de salida: 5:00 p.m.<\/li>\n<li>Duraci\u00f3n: 2.5 a 3 horas<\/li>\n<li>Gu\u00eda biling\u00fce: Espa\u00f1ol \/ Ingl\u00e9s<\/li>\n<li>Observaci\u00f3n de vida nocturna: b\u00fahos, caimanes, serpientes, ranas y aves en reposo<\/li>\n<li>Atardecer sobre el r\u00edo \u2014 paisajes inolvidables<\/li>\n<li>Frutas frescas, agua y linternas incluidas<\/li>\n<li>Embarcaciones seguras con iluminaci\u00f3n ambiental<\/li>\n<li>Salida desde el muelle Kokopelli en Sierpe<\/li>\n<\/ul>\n<p><strong>Ideal para viajeros aventureros, amantes de la fotograf\u00eda y observadores de fauna silvestre<\/strong><\/p>\n<h2>\u00bfQu\u00e9 hace \u00fanico nuestro tour nocturno?<\/h2>\n<ul>\n<li><strong>Ambiente m\u00edstico y tranquilo:<\/strong> sonidos de la selva, sin ruido humano.<\/li>\n<li><strong>Fauna distinta a la del d\u00eda:<\/strong> especies nocturnas que no se ven en los tours normales.<\/li>\n<li><strong>Luz dorada del atardecer:<\/strong> perfecta para fotos \u00fanicas.<\/li>\n<li><strong>Experiencia exclusiva:<\/strong> menos turistas, m\u00e1s conexi\u00f3n con la naturaleza.<\/li>\n<\/ul>\n<h2 style=\"padding-top: 10px;\">Recomendaciones:<\/h2>\n<ul>\n<li>Pantal\u00f3n largo.<\/li>\n<li>Sandalias o zapatos.<\/li>\n<li>Camisa manga corta o manga larga.<\/li>\n<li>Repelente.<\/li>\n<li>Linterna personal.<\/li>\n<\/ul>\n<p>Si tienes alguna duda o consulta adicional, por favor cont\u00e1ctanos por correo electr\u00f3nico a\u00a0 <a href=\"mailto:kokopelli.sierpe@gmail.com\">kokopelli.sierpe@gmail.com<\/a> o al whatsapp <a href=\"https:\/\/wa.me\/50688971678\" target=\"_blank\" rel=\"noopener\">8897-1678<\/a>, nos pondremos en contacto contigo para informarte sobre nuestra disponibilidad.<\/p>","protected":false},"featured_media":12883,"comment_status":"open","ping_status":"closed","template":"","meta":[],"product_brand":[],"product_cat":[17],"product_tag":[83,86,85,84,82,87],"class_list":{"0":"post-5734","1":"product","2":"type-product","3":"status-publish","4":"has-post-thumbnail","6":"product_cat-uncategorized","7":"product_tag-boat-tour","8":"product_tag-costa-rica","9":"product_tag-mangrove-tour","10":"product_tag-sierpe","11":"product_tag-wildlife","12":"product_tag-wildlife-and-mangrove-tours","14":"first","15":"instock","16":"virtual","17":"sold-individually","18":"purchasable","19":"product-type-booking"},"_links":{"self":[{"href":"https:\/\/dev.sierpemangrovetour.com\/es\/wp-json\/wp\/v2\/product\/5734","targetHints":{"allow":["GET"]}}],"collection":[{"href":"https:\/\/dev.sierpemangrovetour.com\/es\/wp-json\/wp\/v2\/product"}],"about":[{"href":"https:\/\/dev.sierpemangrovetour.com\/es\/wp-json\/wp\/v2\/types\/product"}],"replies":[{"embeddable":true,"href":"https:\/\/dev.sierpemangrovetour.com\/es\/wp-json\/wp\/v2\/comments?post=5734"}],"wp:featuredmedia":[{"embeddable":true,"href":"https:\/\/dev.sierpemangrovetour.com\/es\/wp-json\/wp\/v2\/media\/12883"}],"wp:attachment":[{"href":"https:\/\/dev.sierpemangrovetour.com\/es\/wp-json\/wp\/v2\/media?parent=5734"}],"wp:term":[{"taxonomy":"product_brand","embeddable":true,"href":"https:\/\/dev.sierpemangrovetour.com\/es\/wp-json\/wp\/v2\/product_brand?post=5734"},{"taxonomy":"product_cat","embeddable":true,"href":"https:\/\/dev.sierpemangrovetour.com\/es\/wp-json\/wp\/v2\/product_cat?post=5734"},{"taxonomy":"product_tag","embeddable":true,"href":"https:\/\/dev.sierpemangrovetour.com\/es\/wp-json\/wp\/v2\/product_tag?post=5734"}],"curies":[{"name":"wp","href":"https:\/\/api.w.org\/{rel}","templated":true}]}}