{"id":4442,"date":"2023-07-24T23:00:20","date_gmt":"2023-07-25T05:00:20","guid":{"rendered":"https:\/\/dev.sierpemangrovetour.com\/?post_type=product&#038;p=4442"},"modified":"2025-06-01T09:26:40","modified_gmt":"2025-06-01T15:26:40","slug":"mangrove-boat-tour","status":"publish","type":"product","link":"https:\/\/dev.sierpemangrovetour.com\/es\/producto\/mangrove-boat-tour\/","title":{"rendered":"Excursi\u00f3n\u00a0de vida Silvestre por los canales del Rio Sierpe"},"content":{"rendered":"<p>Descubr\u00ed la magia del manglar en su m\u00e1ximo esplendor durante nuestro tour diurno por el majestuoso r\u00edo Sierpe. Naveg\u00e1 lentamente entre canales naturales mientras observ\u00e1s cocodrilos tomando el sol, monos en las copas de los \u00e1rboles y aves ex\u00f3ticas sobrevolando el paisaje. Es una experiencia tranquila y enriquecedora, ideal para todas las edades, perfecta para quienes aman la naturaleza y desean capturar momentos \u00fanicos con su c\u00e1mara.<\/p>\n<h2>\u00bfQu\u00e9 incluye nuestro tour?<\/h2>\n<ul>\n<li>Tour guiado por el r\u00edo Sierpe<\/li>\n<li>Duraci\u00f3n: 2.5 a 3 horas<\/li>\n<li>Horarios de salida: 8:30 a.m. y 1:00 p.m.<\/li>\n<li>Gu\u00eda biling\u00fce: Espa\u00f1ol \/ Ingl\u00e9s<\/li>\n<li>Observaci\u00f3n de cocodrilos, monos, aves y m\u00e1s<\/li>\n<li>Frutas frescas y agua incluidos<\/li>\n<li>Embarcaciones seguras con techo y asientos c\u00f3modos<\/li>\n<li>Salida desde el muelle Kokopelli en Sierpe<\/li>\n<li>Estacionamiento disponible<\/li>\n<\/ul>\n<p><strong>Ideal para familias, fot\u00f3grafos y amantes de la naturaleza<\/strong><\/p>\n<h2>Recomendaciones:<\/h2>\n<ul>\n<li>Ropa c\u00f3moda.<\/li>\n<li>Sandalias o zapatos.<\/li>\n<li>Bloqueador solar.<\/li>\n<li>Sombrero.<\/li>\n<\/ul>\n<p>Si tienes alguna duda o consulta adicional, por favor cont\u00e1ctanos por correo electr\u00f3nico a\u00a0 <a href=\"mailto:kokopelli.sierpe@gmail.com\">kokopelli.sierpe@gmail.com<\/a> o al whatsapp <a href=\"https:\/\/wa.me\/50688971678\" target=\"_blank\" rel=\"noopener\">8897-1678<\/a>, nos pondremos en contacto contigo para informarte sobre nuestra disponibilidad.<\/p>","protected":false},"excerpt":{"rendered":"<p>Descubr\u00ed la magia del manglar en su m\u00e1ximo esplendor durante nuestro tour diurno por el majestuoso r\u00edo Sierpe. Naveg\u00e1 lentamente entre canales naturales mientras observ\u00e1s cocodrilos tomando el sol, monos en las copas de los \u00e1rboles y aves ex\u00f3ticas sobrevolando el paisaje. Es una experiencia tranquila y enriquecedora, ideal para todas las edades, perfecta para quienes aman la naturaleza y desean capturar momentos \u00fanicos con su c\u00e1mara.<\/p>\n<h2>\u00bfQu\u00e9 incluye nuestro tour?<\/h2>\n<ul>\n<li>Tour guiado por el r\u00edo Sierpe<\/li>\n<li>Duraci\u00f3n: 2.5 a 3 horas<\/li>\n<li>Horarios de salida: 8:30 a.m. y 1:00 p.m.<\/li>\n<li>Gu\u00eda biling\u00fce: Espa\u00f1ol \/ Ingl\u00e9s<\/li>\n<li>Observaci\u00f3n de cocodrilos, monos, aves y m\u00e1s<\/li>\n<li>Frutas frescas y agua incluidos<\/li>\n<li>Embarcaciones seguras con techo y asientos c\u00f3modos<\/li>\n<li>Salida desde el muelle Kokopelli en Sierpe<\/li>\n<li>Estacionamiento disponible<\/li>\n<\/ul>\n<p><strong>Ideal para familias, fot\u00f3grafos y amantes de la naturaleza<\/strong><\/p>\n<h2>Recomendaciones:<\/h2>\n<ul>\n<li>Ropa c\u00f3moda.<\/li>\n<li>Sandalias o zapatos.<\/li>\n<li>Bloqueador solar.<\/li>\n<li>Sombrero.<\/li>\n<\/ul>\n<p>Si tienes alguna duda o consulta adicional, por favor cont\u00e1ctanos por correo electr\u00f3nico a\u00a0 <a href=\"mailto:kokopelli.sierpe@gmail.com\">kokopelli.sierpe@gmail.com<\/a> o al whatsapp <a href=\"https:\/\/wa.me\/50688971678\" target=\"_blank\">8897-1678<\/a>, nos pondremos en contacto contigo para informarte sobre nuestra disponibilidad.<\/p>","protected":false},"featured_media":12884,"comment_status":"open","ping_status":"closed","template":"","meta":[],"product_brand":[],"product_cat":[17],"product_tag":[83,86,85,84,82,87],"class_list":{"0":"post-4442","1":"product","2":"type-product","3":"status-publish","4":"has-post-thumbnail","6":"product_cat-uncategorized","7":"product_tag-boat-tour","8":"product_tag-costa-rica","9":"product_tag-mangrove-tour","10":"product_tag-sierpe","11":"product_tag-wildlife","12":"product_tag-wildlife-and-mangrove-tours","14":"first","15":"instock","16":"virtual","17":"sold-individually","18":"purchasable","19":"product-type-booking"},"_links":{"self":[{"href":"https:\/\/dev.sierpemangrovetour.com\/es\/wp-json\/wp\/v2\/product\/4442","targetHints":{"allow":["GET"]}}],"collection":[{"href":"https:\/\/dev.sierpemangrovetour.com\/es\/wp-json\/wp\/v2\/product"}],"about":[{"href":"https:\/\/dev.sierpemangrovetour.com\/es\/wp-json\/wp\/v2\/types\/product"}],"replies":[{"embeddable":true,"href":"https:\/\/dev.sierpemangrovetour.com\/es\/wp-json\/wp\/v2\/comments?post=4442"}],"wp:featuredmedia":[{"embeddable":true,"href":"https:\/\/dev.sierpemangrovetour.com\/es\/wp-json\/wp\/v2\/media\/12884"}],"wp:attachment":[{"href":"https:\/\/dev.sierpemangrovetour.com\/es\/wp-json\/wp\/v2\/media?parent=4442"}],"wp:term":[{"taxonomy":"product_brand","embeddable":true,"href":"https:\/\/dev.sierpemangrovetour.com\/es\/wp-json\/wp\/v2\/product_brand?post=4442"},{"taxonomy":"product_cat","embeddable":true,"href":"https:\/\/dev.sierpemangrovetour.com\/es\/wp-json\/wp\/v2\/product_cat?post=4442"},{"taxonomy":"product_tag","embeddable":true,"href":"https:\/\/dev.sierpemangrovetour.com\/es\/wp-json\/wp\/v2\/product_tag?post=4442"}],"curies":[{"name":"wp","href":"https:\/\/api.w.org\/{rel}","templated":true}]}}